{"id":2122,"date":"2023-08-04T16:07:35","date_gmt":"2023-08-04T14:07:35","guid":{"rendered":"https:\/\/www.clickandbed.com\/?page_id=2122"},"modified":"2023-08-04T16:07:36","modified_gmt":"2023-08-04T14:07:36","slug":"modalites-dentree-check-in","status":"publish","type":"page","link":"https:\/\/www.clickandbed.com\/modalites-dentree-check-in\/","title":{"rendered":"Modalit\u00e9s d&rsquo;entr\u00e9e (Check in)"},"content":{"rendered":"\n<p><strong>Arriv\u00e9e en SEMAINE<\/strong><\/p>\n\n\n\n<ul class=\"wp-block-list\">\n<li>Le Check-in : entre 15h et 18h<\/li>\n<\/ul>\n\n\n\n<p>Un agent prendra contact avec vous pour planifier votre arriv\u00e9e, et \u00e9changer sur la&nbsp; modalit\u00e9 de r\u00e9cup\u00e9ration des clefs.<\/p>\n\n\n\n<ul class=\"wp-block-list\">\n<li>Early check-in : entre 10h et 15h sous r\u00e9serve de disponibilit\u00e9.<\/li>\n<\/ul>\n\n\n\n<ul class=\"wp-block-list\">\n<li>Late check-in : entre 19h et 23h, il vous faudra venir r\u00e9cup\u00e9rer les cl\u00e9s \u00e0 notre bureau<\/li>\n<\/ul>\n\n\n\n<p><strong>Arriv\u00e9e le WEEKEND<\/strong><\/p>\n\n\n\n<ul class=\"wp-block-list\">\n<li>Le samedi ou le dimanche : entre 15h et 23h<\/li>\n<\/ul>\n\n\n\n<p>Les cl\u00e9s seront \u00e0 r\u00e9cup\u00e9rer dans nos locaux situ\u00e9s \u00e0 proximit\u00e9 de l&rsquo;Arc de Triomphe.<\/p>\n\n\n\n<p>Nous nous assurerons que votre arriv\u00e9e se passe en toute tranquillit\u00e9, et nous sommes \u00e0 votre disposition pour r\u00e9pondre \u00e0 toutes vos questions.<\/p>\n\n\n\n<p>&#8212;&#8212;&#8212;&#8212;&#8212;&#8212;&#8212;<\/p>\n\n\n\n<p><strong>Arrival during the WEEK<\/strong><\/p>\n\n\n\n<ul class=\"wp-block-list\">\n<li>Check-in: between 3pm and 6pm<\/li>\n<\/ul>\n\n\n\n<p>An agent will contact you to plan your arrival and discuss key collection arrangements.<\/p>\n\n\n\n<ul class=\"wp-block-list\">\n<li>Early check-in: between 10am and 3pm, subject to availability.<\/li>\n<\/ul>\n\n\n\n<ul class=\"wp-block-list\">\n<li>Late check-in: between 7pm and 11pm, you&rsquo;ll need to collect the keys from our office.<\/li>\n<\/ul>\n\n\n\n<p><strong>WEEKEND arrival<\/strong><\/p>\n\n\n\n<ul class=\"wp-block-list\">\n<li>Saturday or Sunday: between 3pm and 11pm&nbsp;<\/li>\n<\/ul>\n\n\n\n<p>Keys will be collected from our office near the Arc de Triomphe.<\/p>\n\n\n\n<p>We&rsquo;ll make sure your arrival goes smoothly, and we&rsquo;ll be happy to answer any questions you may have.<\/p>\n\n\n\n<p><strong>Arriv\u00e9e derni\u00e8re minute :&nbsp;<\/strong><\/p>\n\n\n\n<p>Pour toutes r\u00e9servations effectu\u00e9es jusqu\u2019\u00e0 48h avant votre arriv\u00e9e, nous nous r\u00e9servons le droit d\u2019effectuer la remise de cl\u00e9 dans nos locaux pr\u00e8s de l&rsquo;Arc de Triomphe<br><strong>Last&nbsp;minute booking :<br><\/strong>For all bookings made up to 48 hours before your arrival, we reserve the right to hand over the key at our office one near to L\u2019 Arc de Triomphe.<\/p>\n","protected":false},"excerpt":{"rendered":"<p>Arriv\u00e9e en SEMAINE Un agent prendra contact avec vous pour planifier votre arriv\u00e9e, et \u00e9changer sur la&nbsp; modalit\u00e9 de r\u00e9cup\u00e9ration des clefs. Arriv\u00e9e le WEEKEND Les cl\u00e9s seront \u00e0 r\u00e9cup\u00e9rer dans nos locaux situ\u00e9s \u00e0 proximit\u00e9 de l&rsquo;Arc de Triomphe. Nous nous assurerons que votre arriv\u00e9e se passe en toute tranquillit\u00e9, et nous sommes \u00e0 [&hellip;]<\/p>\n","protected":false},"author":1,"featured_media":0,"parent":0,"menu_order":0,"comment_status":"closed","ping_status":"closed","template":"","meta":{"footnotes":""},"class_list":["post-2122","page","type-page","status-publish","hentry"],"aioseo_notices":[],"jetpack_sharing_enabled":true,"_links":{"self":[{"href":"https:\/\/www.clickandbed.com\/wp-json\/wp\/v2\/pages\/2122","targetHints":{"allow":["GET"]}}],"collection":[{"href":"https:\/\/www.clickandbed.com\/wp-json\/wp\/v2\/pages"}],"about":[{"href":"https:\/\/www.clickandbed.com\/wp-json\/wp\/v2\/types\/page"}],"author":[{"embeddable":true,"href":"https:\/\/www.clickandbed.com\/wp-json\/wp\/v2\/users\/1"}],"replies":[{"embeddable":true,"href":"https:\/\/www.clickandbed.com\/wp-json\/wp\/v2\/comments?post=2122"}],"version-history":[{"count":1,"href":"https:\/\/www.clickandbed.com\/wp-json\/wp\/v2\/pages\/2122\/revisions"}],"predecessor-version":[{"id":2123,"href":"https:\/\/www.clickandbed.com\/wp-json\/wp\/v2\/pages\/2122\/revisions\/2123"}],"wp:attachment":[{"href":"https:\/\/www.clickandbed.com\/wp-json\/wp\/v2\/media?parent=2122"}],"curies":[{"name":"wp","href":"https:\/\/api.w.org\/{rel}","templated":true}]}}