{"id":216575,"date":"2025-07-01T17:42:10","date_gmt":"2025-07-01T15:42:10","guid":{"rendered":"https:\/\/www.clickandbed.com\/?page_id=216575"},"modified":"2025-07-01T17:42:12","modified_gmt":"2025-07-01T15:42:12","slug":"gestion-des-calendriers-de-vos-annonces","status":"publish","type":"page","link":"https:\/\/www.clickandbed.com\/gestion-des-calendriers-de-vos-annonces\/","title":{"rendered":"Gestion des calendriers de vos annonces"},"content":{"rendered":"\n<p>Pour avoir une vue g\u00e9n\u00e9rale sur vos r\u00e9servations, vous pouvez consulter le menu Calendrier. Ce menu synth\u00e9tise toutes vos r\u00e9servations, utile surtout si vous avez plusieurs annonces \u00e0 g\u00e9rer.<\/p>\n\n\n\n<p>Pour g\u00e9rer les disponibilit\u00e9s de vos logements, rendez-vous dans le menu annonces de votre espace personnel (il faut \u00eatre connect\u00e9 \u00e0 votre compte Click and Bed pour y acc\u00e9der). Cliquez ensuite sur l&rsquo;ic\u00f4ne calendrier correspondant \u00e0 l&rsquo;annonce que vous souhaitez g\u00e9rer.<\/p>\n\n\n\n<p><\/p>\n","protected":false},"excerpt":{"rendered":"<p>Pour avoir une vue g\u00e9n\u00e9rale sur vos r\u00e9servations, vous pouvez consulter le menu Calendrier. Ce menu synth\u00e9tise toutes vos r\u00e9servations, utile surtout si vous avez plusieurs annonces \u00e0 g\u00e9rer. Pour g\u00e9rer les disponibilit\u00e9s de vos logements, rendez-vous dans le menu annonces de votre espace personnel (il faut \u00eatre connect\u00e9 \u00e0 votre compte Click and Bed [&hellip;]<\/p>\n","protected":false},"author":1,"featured_media":0,"parent":0,"menu_order":0,"comment_status":"closed","ping_status":"closed","template":"","meta":{"footnotes":""},"class_list":["post-216575","page","type-page","status-publish","hentry"],"aioseo_notices":[],"jetpack_sharing_enabled":true,"_links":{"self":[{"href":"https:\/\/www.clickandbed.com\/wp-json\/wp\/v2\/pages\/216575","targetHints":{"allow":["GET"]}}],"collection":[{"href":"https:\/\/www.clickandbed.com\/wp-json\/wp\/v2\/pages"}],"about":[{"href":"https:\/\/www.clickandbed.com\/wp-json\/wp\/v2\/types\/page"}],"author":[{"embeddable":true,"href":"https:\/\/www.clickandbed.com\/wp-json\/wp\/v2\/users\/1"}],"replies":[{"embeddable":true,"href":"https:\/\/www.clickandbed.com\/wp-json\/wp\/v2\/comments?post=216575"}],"version-history":[{"count":3,"href":"https:\/\/www.clickandbed.com\/wp-json\/wp\/v2\/pages\/216575\/revisions"}],"predecessor-version":[{"id":219742,"href":"https:\/\/www.clickandbed.com\/wp-json\/wp\/v2\/pages\/216575\/revisions\/219742"}],"wp:attachment":[{"href":"https:\/\/www.clickandbed.com\/wp-json\/wp\/v2\/media?parent=216575"}],"curies":[{"name":"wp","href":"https:\/\/api.w.org\/{rel}","templated":true}]}}