{"id":3093,"date":"2025-02-28T18:04:10","date_gmt":"2025-02-28T17:04:10","guid":{"rendered":"https:\/\/www.clickandbed.com\/?page_id=3093"},"modified":"2025-02-28T18:04:13","modified_gmt":"2025-02-28T17:04:13","slug":"location-meublee-au-mois-dans-le-pays-de-gex","status":"publish","type":"page","link":"https:\/\/www.clickandbed.com\/location-meublee-au-mois-dans-le-pays-de-gex\/","title":{"rendered":"Location meubl\u00e9e au mois dans le Pays de Gex"},"content":{"rendered":"\n<h2 class=\"wp-block-heading\">Appartement ou maison en location temporaire meubl\u00e9e dans le Pays de Gex<\/h2>\n\n\n\n<p>La <strong>location meubl\u00e9e au mois dans le Pays de Gex<\/strong> est une solution id\u00e9ale pour les professionnels en mission, les nouveaux arrivants ou toute personne recherchant un h\u00e9bergement temporaire confortable et cl\u00e9 en main. Situ\u00e9 entre Gen\u00e8ve et les montagnes du Jura, le Pays de Gex offre un cadre de vie exceptionnel, combinant proximit\u00e9 avec la Suisse et nature pr\u00e9serv\u00e9e. Opter pour une location meubl\u00e9e vous permet de b\u00e9n\u00e9ficier d\u2019un logement enti\u00e8rement \u00e9quip\u00e9, pr\u00eat \u00e0 l\u2019emploi, sans les contraintes d\u2019un bail longue dur\u00e9e.<\/p>\n\n\n\n<p>Que vous recherchiez un appartement cosy en centre-ville ou une maison spacieuse en p\u00e9riph\u00e9rie, vous trouverez de nombreuses options adapt\u00e9es \u00e0 vos besoins. La <strong>location meubl\u00e9e au mois dans le Pays de Gex<\/strong> permet une flexibilit\u00e9 pr\u00e9cieuse pour les expatri\u00e9s, travailleurs transfrontaliers ou \u00e9tudiants. De plus, les logements propos\u00e9s incluent souvent des services pratiques comme le m\u00e9nage, l\u2019internet haut d\u00e9bit et le stationnement, facilitant ainsi votre installation.<\/p>\n\n\n\n<h4 class=\"wp-block-heading\">Pays de Gex: Gex, Cessy, Ferney-Voltaire, Saint-Genis-Pouilly, Ornex, Pr\u00e9vessin-Mo\u00ebns, Sergy, Thoiry, Saint-Jean-de-Gonville.<\/h4>\n\n\n\n<h4 class=\"wp-block-heading\"><\/h4>\n","protected":false},"excerpt":{"rendered":"<p>Appartement ou maison en location temporaire meubl\u00e9e dans le Pays de Gex La location meubl\u00e9e au mois dans le Pays de Gex est une solution id\u00e9ale pour les professionnels en mission, les nouveaux arrivants ou toute personne recherchant un h\u00e9bergement temporaire confortable et cl\u00e9 en main. Situ\u00e9 entre Gen\u00e8ve et les montagnes du Jura, le [&hellip;]<\/p>\n","protected":false},"author":1,"featured_media":0,"parent":0,"menu_order":0,"comment_status":"closed","ping_status":"closed","template":"","meta":{"footnotes":""},"class_list":["post-3093","page","type-page","status-publish","hentry"],"aioseo_notices":[],"jetpack_sharing_enabled":true,"_links":{"self":[{"href":"https:\/\/www.clickandbed.com\/wp-json\/wp\/v2\/pages\/3093","targetHints":{"allow":["GET"]}}],"collection":[{"href":"https:\/\/www.clickandbed.com\/wp-json\/wp\/v2\/pages"}],"about":[{"href":"https:\/\/www.clickandbed.com\/wp-json\/wp\/v2\/types\/page"}],"author":[{"embeddable":true,"href":"https:\/\/www.clickandbed.com\/wp-json\/wp\/v2\/users\/1"}],"replies":[{"embeddable":true,"href":"https:\/\/www.clickandbed.com\/wp-json\/wp\/v2\/comments?post=3093"}],"version-history":[{"count":5,"href":"https:\/\/www.clickandbed.com\/wp-json\/wp\/v2\/pages\/3093\/revisions"}],"predecessor-version":[{"id":46663,"href":"https:\/\/www.clickandbed.com\/wp-json\/wp\/v2\/pages\/3093\/revisions\/46663"}],"wp:attachment":[{"href":"https:\/\/www.clickandbed.com\/wp-json\/wp\/v2\/media?parent=3093"}],"curies":[{"name":"wp","href":"https:\/\/api.w.org\/{rel}","templated":true}]}}