{"id":6930,"date":"2024-05-08T01:02:40","date_gmt":"2024-05-07T23:02:40","guid":{"rendered":"https:\/\/www.clickandbed.com\/?page_id=6930"},"modified":"2024-05-08T01:02:41","modified_gmt":"2024-05-07T23:02:41","slug":"mentions-legales","status":"publish","type":"page","link":"https:\/\/www.clickandbed.com\/mentions-legales\/","title":{"rendered":"Mentions l\u00e9gales"},"content":{"rendered":"\n<p>Le site CLICK&amp;BED est \u00e9dit\u00e9 par la soci\u00e9t\u00e9 CLICK&amp;BED SAS.<br>CLICK&amp;BED SAS soci\u00e9t\u00e9 par actions simplifi\u00e9e au capital de 6237 Euros, dont le si\u00e8ge social se trouve au 35, rue Camille Pelletan \u00e0 Houilles, immatricul\u00e9e au RCS de Versailles sous le num\u00e9ro 809 500 739<br><br>Le Site internet est h\u00e9berg\u00e9 par la soci\u00e9t\u00e9&nbsp;OVH.<br><br>Le Site internet a fait l\u2019objet d\u2019une d\u00e9claration aupr\u00e8s de la CNIL sous le num\u00e9ro 1926772<br><\/p>\n\n\n\n<ul class=\"wp-block-list\">\n<li>E-mail : <a href=\"mailto:info@clickandbed.com\">info@clickandbed.com<\/a><\/li>\n\n\n\n<li>T\u00e9l\u00e9phone : 06.82.75.36.83<\/li>\n<\/ul>\n\n\n\n<p>Pr\u00e9sident : M.Vincent Peronnet<br>Directeur technique : Mr Jean Paul Perrin<\/p>\n\n\n\n<p>CLICK&amp;BED SAS est assur\u00e9e par la soci\u00e9t\u00e9 Kelip&rsquo;s Assurance en tant que plateforme technologique diffusant des annonces en ligne avec un syst\u00e8me de r\u00e9servation int\u00e9gr\u00e9.<\/p>\n\n\n\n<p>Click and Bed SAS tous droits r\u00e9serv\u00e9s 2024.<\/p>\n","protected":false},"excerpt":{"rendered":"<p>Le site CLICK&amp;BED est \u00e9dit\u00e9 par la soci\u00e9t\u00e9 CLICK&amp;BED SAS.CLICK&amp;BED SAS soci\u00e9t\u00e9 par actions simplifi\u00e9e au capital de 6237 Euros, dont le si\u00e8ge social se trouve au 35, rue Camille Pelletan \u00e0 Houilles, immatricul\u00e9e au RCS de Versailles sous le num\u00e9ro 809 500 739 Le Site internet est h\u00e9berg\u00e9 par la soci\u00e9t\u00e9&nbsp;OVH. Le Site internet [&hellip;]<\/p>\n","protected":false},"author":1,"featured_media":0,"parent":0,"menu_order":0,"comment_status":"closed","ping_status":"closed","template":"","meta":{"footnotes":""},"class_list":["post-6930","page","type-page","status-publish","hentry"],"aioseo_notices":[],"jetpack_sharing_enabled":true,"_links":{"self":[{"href":"https:\/\/www.clickandbed.com\/wp-json\/wp\/v2\/pages\/6930","targetHints":{"allow":["GET"]}}],"collection":[{"href":"https:\/\/www.clickandbed.com\/wp-json\/wp\/v2\/pages"}],"about":[{"href":"https:\/\/www.clickandbed.com\/wp-json\/wp\/v2\/types\/page"}],"author":[{"embeddable":true,"href":"https:\/\/www.clickandbed.com\/wp-json\/wp\/v2\/users\/1"}],"replies":[{"embeddable":true,"href":"https:\/\/www.clickandbed.com\/wp-json\/wp\/v2\/comments?post=6930"}],"version-history":[{"count":1,"href":"https:\/\/www.clickandbed.com\/wp-json\/wp\/v2\/pages\/6930\/revisions"}],"predecessor-version":[{"id":6931,"href":"https:\/\/www.clickandbed.com\/wp-json\/wp\/v2\/pages\/6930\/revisions\/6931"}],"wp:attachment":[{"href":"https:\/\/www.clickandbed.com\/wp-json\/wp\/v2\/media?parent=6930"}],"curies":[{"name":"wp","href":"https:\/\/api.w.org\/{rel}","templated":true}]}}